{"id":4810,"date":"2025-04-17T12:59:14","date_gmt":"2025-04-17T10:59:14","guid":{"rendered":"https:\/\/cn-cp.fr\/?page_id=4810"},"modified":"2025-07-25T11:47:25","modified_gmt":"2025-07-25T09:47:25","slug":"cap-sur-chatelaillon-plage","status":"publish","type":"page","link":"https:\/\/cn-cp.fr\/?page_id=4810","title":{"rendered":"Cap sur Ch\u00e2telaillon-Plage"},"content":{"rendered":"\n<div class=\"wp-block-uagb-container uagb-block-e5c503ce alignfull uagb-is-root-container\"><div class=\"uagb-container-inner-blocks-wrap\"><\/div><\/div>\n\n\n\n<div class=\"wp-block-uagb-container uagb-block-d82dcfab alignfull uagb-is-root-container\"><div class=\"uagb-container-inner-blocks-wrap\">\n<div class=\"wp-block-uagb-advanced-heading uagb-block-0aa0f571\"><h1 class=\"uagb-heading-text\">Cap sur ch\u00e2telaillon<\/h1><p class=\"uagb-desc-text\">La gazette trimestrielle du Centre Nautique de Ch\u00e2telaillon-Plage<\/p><div class=\"uagb-separator\"><\/div><\/div>\n\n\n\n<div data-wp-interactive=\"core\/file\" class=\"wp-block-file\"><object data-wp-bind--hidden=\"!state.hasPdfPreview\"  class=\"wp-block-file__embed\" data=\"https:\/\/cn-cp.fr\/wp-content\/uploads\/sites\/48\/2025\/07\/Cap-sur-Chatelaillon-N2.pdf\" type=\"application\/pdf\" style=\"width:100%;height:1190px\" aria-label=\"Contenu embarqu\u00e9 Cap-sur-Ch\u00e2telaillon-N2.\"><\/object><a id=\"wp-block-file--media-21b31bf8-f1ed-4a57-9cc6-0d96da1d7f17\" href=\"https:\/\/cn-cp.fr\/wp-content\/uploads\/sites\/48\/2025\/07\/Cap-sur-Chatelaillon-N2.pdf\">Cap-sur-Ch\u00e2telaillon-N2<\/a><a href=\"https:\/\/cn-cp.fr\/wp-content\/uploads\/sites\/48\/2025\/07\/Cap-sur-Chatelaillon-N2.pdf\" class=\"wp-block-file__button wp-element-button\" download aria-describedby=\"wp-block-file--media-21b31bf8-f1ed-4a57-9cc6-0d96da1d7f17\">T\u00e9l\u00e9charger<\/a><\/div>\n\n\n\n<div class=\"wp-block-uagb-advanced-heading uagb-block-5efef769\"><p class=\"uagb-heading-text\">Liste des pr\u00e9c\u00e9dents num\u00e9ros <\/p><\/div>\n\n\n\n<p>Cap sur Ch\u00e2telaillon N\u00b01 : Janvier-F\u00e9vrier-Mars 2025 : <a href=\"https:\/\/cn-cp.fr\/wp-content\/uploads\/sites\/48\/2025\/04\/Cap-sur-Chatelaillon-N1.pdf\">https:\/\/cn-cp.fr\/wp-content\/uploads\/sites\/48\/2025\/04\/Cap-sur-Chatelaillon-N1.pdf<\/a><\/p>\n<\/div><\/div>\n","protected":false},"excerpt":{"rendered":"<p>Cap sur ch\u00e2telaillon La gazette trimestrielle du Centre Nautique de Ch\u00e2telaillon-Plage Liste des pr\u00e9c\u00e9dents num\u00e9ros Cap sur Ch\u00e2telaillon N\u00b01 : Janvier-F\u00e9vrier-Mars 2025 : https:\/\/cn-cp.fr\/wp-content\/uploads\/sites\/48\/2025\/04\/Cap-sur-Chatelaillon-N1.pdf<\/p>\n","protected":false},"author":9,"featured_media":0,"parent":0,"menu_order":0,"comment_status":"closed","ping_status":"closed","template":"","meta":{"_acf_changed":false,"inline_featured_image":false,"_uag_custom_page_level_css":"","footnotes":""},"acf":[],"class_list":["post-4810","page","type-page","status-publish","hentry"],"yoast_head":"<!-- This site is optimized with the Yoast SEO plugin v24.5 - https:\/\/yoast.com\/wordpress\/plugins\/seo\/ -->\n<title>Le Club et son \u00c9quipe | Club nautique de Chatelaillon<\/title>\n<meta name=\"description\" content=\"Une \u00e9quipe dynamique vous accueille dans les meilleures conditions au CNCP afin de r\u00e9pondre au mieux \u00e0 vos attentes.\" \/>\n<meta name=\"robots\" content=\"index, follow, max-snippet:-1, max-image-preview:large, max-video-preview:-1\" \/>\n<link rel=\"canonical\" href=\"https:\/\/cn-cp.fr\/?page_id=4810\" \/>\n<meta property=\"og:locale\" content=\"fr_FR\" \/>\n<meta property=\"og:type\" content=\"article\" \/>\n<meta property=\"og:title\" content=\"Le Club et son \u00c9quipe | Club nautique de Chatelaillon\" \/>\n<meta property=\"og:description\" content=\"Une \u00e9quipe dynamique vous accueille dans les meilleures conditions au CNCP afin de r\u00e9pondre au mieux \u00e0 vos attentes.\" \/>\n<meta property=\"og:url\" content=\"https:\/\/cn-cp.fr\/?page_id=4810\" \/>\n<meta property=\"og:site_name\" content=\"cn-cp\" \/>\n<meta property=\"article:modified_time\" content=\"2025-07-25T09:47:25+00:00\" \/>\n<meta name=\"twitter:card\" content=\"summary_large_image\" \/>\n<meta name=\"twitter:label1\" content=\"Dur\u00e9e de lecture estim\u00e9e\" \/>\n\t<meta name=\"twitter:data1\" content=\"1 minute\" \/>\n<script type=\"application\/ld+json\" class=\"yoast-schema-graph\">{\"@context\":\"https:\/\/schema.org\",\"@graph\":[{\"@type\":\"WebPage\",\"@id\":\"https:\/\/cn-cp.fr\/?page_id=4810\",\"url\":\"https:\/\/cn-cp.fr\/?page_id=4810\",\"name\":\"Le Club et son \u00c9quipe | Club nautique de Chatelaillon\",\"isPartOf\":{\"@id\":\"https:\/\/cn-cp.fr\/#website\"},\"datePublished\":\"2025-04-17T10:59:14+00:00\",\"dateModified\":\"2025-07-25T09:47:25+00:00\",\"description\":\"Une \u00e9quipe dynamique vous accueille dans les meilleures conditions au CNCP afin de r\u00e9pondre au mieux \u00e0 vos attentes.\",\"breadcrumb\":{\"@id\":\"https:\/\/cn-cp.fr\/?page_id=4810#breadcrumb\"},\"inLanguage\":\"fr-FR\",\"potentialAction\":[{\"@type\":\"ReadAction\",\"target\":[\"https:\/\/cn-cp.fr\/?page_id=4810\"]}]},{\"@type\":\"BreadcrumbList\",\"@id\":\"https:\/\/cn-cp.fr\/?page_id=4810#breadcrumb\",\"itemListElement\":[{\"@type\":\"ListItem\",\"position\":1,\"name\":\"Accueil\",\"item\":\"https:\/\/cn-cp.fr\/\"},{\"@type\":\"ListItem\",\"position\":2,\"name\":\"Cap sur Ch\u00e2telaillon-Plage\"}]},{\"@type\":\"WebSite\",\"@id\":\"https:\/\/cn-cp.fr\/#website\",\"url\":\"https:\/\/cn-cp.fr\/\",\"name\":\"cn-cp\",\"description\":\"\",\"publisher\":{\"@id\":\"https:\/\/cn-cp.fr\/#organization\"},\"potentialAction\":[{\"@type\":\"SearchAction\",\"target\":{\"@type\":\"EntryPoint\",\"urlTemplate\":\"https:\/\/cn-cp.fr\/?s={search_term_string}\"},\"query-input\":{\"@type\":\"PropertyValueSpecification\",\"valueRequired\":true,\"valueName\":\"search_term_string\"}}],\"inLanguage\":\"fr-FR\"},{\"@type\":\"Organization\",\"@id\":\"https:\/\/cn-cp.fr\/#organization\",\"name\":\"cn-cp\",\"url\":\"https:\/\/cn-cp.fr\/\",\"logo\":{\"@type\":\"ImageObject\",\"inLanguage\":\"fr-FR\",\"@id\":\"https:\/\/cn-cp.fr\/#\/schema\/logo\/image\/\",\"url\":\"https:\/\/cn-cp.fr\/wp-content\/uploads\/sites\/48\/2023\/05\/Logo-CNCP-Quadri-849x1024blanc.png\",\"contentUrl\":\"https:\/\/cn-cp.fr\/wp-content\/uploads\/sites\/48\/2023\/05\/Logo-CNCP-Quadri-849x1024blanc.png\",\"width\":849,\"height\":1024,\"caption\":\"cn-cp\"},\"image\":{\"@id\":\"https:\/\/cn-cp.fr\/#\/schema\/logo\/image\/\"}}]}<\/script>\n<!-- \/ Yoast SEO plugin. -->","yoast_head_json":{"title":"Le Club et son \u00c9quipe | Club nautique de Chatelaillon","description":"Une \u00e9quipe dynamique vous accueille dans les meilleures conditions au CNCP afin de r\u00e9pondre au mieux \u00e0 vos attentes.","robots":{"index":"index","follow":"follow","max-snippet":"max-snippet:-1","max-image-preview":"max-image-preview:large","max-video-preview":"max-video-preview:-1"},"canonical":"https:\/\/cn-cp.fr\/?page_id=4810","og_locale":"fr_FR","og_type":"article","og_title":"Le Club et son \u00c9quipe | Club nautique de Chatelaillon","og_description":"Une \u00e9quipe dynamique vous accueille dans les meilleures conditions au CNCP afin de r\u00e9pondre au mieux \u00e0 vos attentes.","og_url":"https:\/\/cn-cp.fr\/?page_id=4810","og_site_name":"cn-cp","article_modified_time":"2025-07-25T09:47:25+00:00","twitter_card":"summary_large_image","twitter_misc":{"Dur\u00e9e de lecture estim\u00e9e":"1 minute"},"schema":{"@context":"https:\/\/schema.org","@graph":[{"@type":"WebPage","@id":"https:\/\/cn-cp.fr\/?page_id=4810","url":"https:\/\/cn-cp.fr\/?page_id=4810","name":"Le Club et son \u00c9quipe | Club nautique de Chatelaillon","isPartOf":{"@id":"https:\/\/cn-cp.fr\/#website"},"datePublished":"2025-04-17T10:59:14+00:00","dateModified":"2025-07-25T09:47:25+00:00","description":"Une \u00e9quipe dynamique vous accueille dans les meilleures conditions au CNCP afin de r\u00e9pondre au mieux \u00e0 vos attentes.","breadcrumb":{"@id":"https:\/\/cn-cp.fr\/?page_id=4810#breadcrumb"},"inLanguage":"fr-FR","potentialAction":[{"@type":"ReadAction","target":["https:\/\/cn-cp.fr\/?page_id=4810"]}]},{"@type":"BreadcrumbList","@id":"https:\/\/cn-cp.fr\/?page_id=4810#breadcrumb","itemListElement":[{"@type":"ListItem","position":1,"name":"Accueil","item":"https:\/\/cn-cp.fr\/"},{"@type":"ListItem","position":2,"name":"Cap sur Ch\u00e2telaillon-Plage"}]},{"@type":"WebSite","@id":"https:\/\/cn-cp.fr\/#website","url":"https:\/\/cn-cp.fr\/","name":"cn-cp","description":"","publisher":{"@id":"https:\/\/cn-cp.fr\/#organization"},"potentialAction":[{"@type":"SearchAction","target":{"@type":"EntryPoint","urlTemplate":"https:\/\/cn-cp.fr\/?s={search_term_string}"},"query-input":{"@type":"PropertyValueSpecification","valueRequired":true,"valueName":"search_term_string"}}],"inLanguage":"fr-FR"},{"@type":"Organization","@id":"https:\/\/cn-cp.fr\/#organization","name":"cn-cp","url":"https:\/\/cn-cp.fr\/","logo":{"@type":"ImageObject","inLanguage":"fr-FR","@id":"https:\/\/cn-cp.fr\/#\/schema\/logo\/image\/","url":"https:\/\/cn-cp.fr\/wp-content\/uploads\/sites\/48\/2023\/05\/Logo-CNCP-Quadri-849x1024blanc.png","contentUrl":"https:\/\/cn-cp.fr\/wp-content\/uploads\/sites\/48\/2023\/05\/Logo-CNCP-Quadri-849x1024blanc.png","width":849,"height":1024,"caption":"cn-cp"},"image":{"@id":"https:\/\/cn-cp.fr\/#\/schema\/logo\/image\/"}}]}},"spectra_custom_meta":{"_yoast_wpseo_estimated-reading-time-minutes":["1"],"_yoast_wpseo_wordproof_timestamp":[""],"_wp_page_template":["default"],"_yoast_wpseo_title":["Le Club et son \u00c9quipe | Club nautique de Chatelaillon"],"_yoast_wpseo_metadesc":["Une \u00e9quipe dynamique vous accueille dans les meilleures conditions au CNCP afin de r\u00e9pondre au mieux \u00e0 vos attentes."],"_oembed_7dcc377c1ce8782717a5cde78888052b":["<iframe title=\"Infiniment Charentes : la nouvelle marque de la Destination Charentes\" width=\"500\" height=\"281\" src=\"https:\/\/www.youtube.com\/embed\/TLbnucIJRvg?feature=oembed\" frameborder=\"0\" allow=\"accelerometer; autoplay; clipboard-write; encrypted-media; gyroscope; picture-in-picture; web-share\" referrerpolicy=\"strict-origin-when-cross-origin\" allowfullscreen><\/iframe>"],"_oembed_time_7dcc377c1ce8782717a5cde78888052b":["1722511186"],"_yoast_wpseo_content_score":["90"],"_dp_original":["4256"],"_edit_lock":["1753436935:9"],"_edit_last":["9"],"_oembed_d35d904bee916a4d014736538c53dd41":["{{unknown}}"],"_uag_page_assets":["a:9:{s:3:\"css\";s:13225:\".wp-block-uagb-container{display:flex;position:relative;box-sizing:border-box;transition-property:box-shadow;transition-duration:0.2s;transition-timing-function:ease}.wp-block-uagb-container .spectra-container-link-overlay{bottom:0;left:0;position:absolute;right:0;top:0;z-index:10}.wp-block-uagb-container.uagb-is-root-container{margin-left:auto;margin-right:auto}.wp-block-uagb-container.alignfull.uagb-is-root-container .uagb-container-inner-blocks-wrap{display:flex;position:relative;box-sizing:border-box;margin-left:auto !important;margin-right:auto !important}.wp-block-uagb-container .wp-block-uagb-blockquote,.wp-block-uagb-container .wp-block-spectra-pro-login,.wp-block-uagb-container .wp-block-spectra-pro-register{margin:unset}.wp-block-uagb-container .uagb-container__video-wrap{height:100%;width:100%;top:0;left:0;position:absolute;overflow:hidden;-webkit-transition:opacity 1s;-o-transition:opacity 1s;transition:opacity 1s}.wp-block-uagb-container .uagb-container__video-wrap video{max-width:100%;width:100%;height:100%;margin:0;line-height:1;border:none;display:inline-block;vertical-align:baseline;-o-object-fit:cover;object-fit:cover;background-size:cover}.wp-block-uagb-container.uagb-layout-grid{display:grid;width:100%}.wp-block-uagb-container.uagb-layout-grid>.uagb-container-inner-blocks-wrap{display:inherit;width:inherit}.wp-block-uagb-container.uagb-layout-grid>.uagb-container-inner-blocks-wrap>.wp-block-uagb-container{max-width:unset !important;width:unset !important}.wp-block-uagb-container.uagb-layout-grid>.wp-block-uagb-container{max-width:unset !important;width:unset !important}.wp-block-uagb-container.uagb-layout-grid.uagb-is-root-container{margin-left:auto;margin-right:auto}.wp-block-uagb-container.uagb-layout-grid.uagb-is-root-container>.wp-block-uagb-container{max-width:unset !important;width:unset !important}.wp-block-uagb-container.uagb-layout-grid.alignwide.uagb-is-root-container{margin-left:auto;margin-right:auto}.wp-block-uagb-container.uagb-layout-grid.alignfull.uagb-is-root-container .uagb-container-inner-blocks-wrap{display:inherit;position:relative;box-sizing:border-box;margin-left:auto !important;margin-right:auto !important}body .wp-block-uagb-container>.uagb-container-inner-blocks-wrap>*:not(.wp-block-uagb-container):not(.wp-block-uagb-column):not(.wp-block-uagb-container):not(.wp-block-uagb-section):not(.uagb-container__shape):not(.uagb-container__video-wrap):not(.wp-block-spectra-pro-register):not(.wp-block-spectra-pro-login):not(.uagb-slider-container):not(.spectra-image-gallery__control-lightbox):not(.wp-block-uagb-info-box),body .wp-block-uagb-container>.uagb-container-inner-blocks-wrap,body .wp-block-uagb-container>*:not(.wp-block-uagb-container):not(.wp-block-uagb-column):not(.wp-block-uagb-container):not(.wp-block-uagb-section):not(.uagb-container__shape):not(.uagb-container__video-wrap):not(.wp-block-spectra-pro-register):not(.wp-block-spectra-pro-login):not(.uagb-slider-container):not(.spectra-container-link-overlay):not(.spectra-image-gallery__control-lightbox):not(.wp-block-uagb-lottie):not(.uagb-faq__outer-wrap){min-width:unset !important;width:100%;position:relative}body .ast-container .wp-block-uagb-container>.uagb-container-inner-blocks-wrap>.wp-block-uagb-container>ul,body .ast-container .wp-block-uagb-container>.uagb-container-inner-blocks-wrap>.wp-block-uagb-container ol,body .ast-container .wp-block-uagb-container>.uagb-container-inner-blocks-wrap>ul,body .ast-container .wp-block-uagb-container>.uagb-container-inner-blocks-wrap ol{max-width:-webkit-fill-available;margin-block-start:0;margin-block-end:0;margin-left:20px}.ast-plain-container .editor-styles-wrapper .block-editor-block-list__layout.is-root-container .uagb-is-root-container.wp-block-uagb-container.alignwide{margin-left:auto;margin-right:auto}.uagb-container__shape{overflow:hidden;position:absolute;left:0;width:100%;line-height:0;direction:ltr}.uagb-container__shape-top{top:-3px}.uagb-container__shape-bottom{bottom:-3px}.uagb-container__shape.uagb-container__invert.uagb-container__shape-bottom,.uagb-container__shape.uagb-container__invert.uagb-container__shape-top{-webkit-transform:rotate(180deg);-ms-transform:rotate(180deg);transform:rotate(180deg)}.uagb-container__shape.uagb-container__shape-flip svg{transform:translateX(-50%) rotateY(180deg)}.uagb-container__shape svg{display:block;width:-webkit-calc(100% + 1.3px);width:calc(100% + 1.3px);position:relative;left:50%;-webkit-transform:translateX(-50%);-ms-transform:translateX(-50%);transform:translateX(-50%)}.uagb-container__shape .uagb-container__shape-fill{-webkit-transform-origin:center;-ms-transform-origin:center;transform-origin:center;-webkit-transform:rotateY(0deg);transform:rotateY(0deg)}.uagb-container__shape.uagb-container__shape-above-content{z-index:9;pointer-events:none}.nv-single-page-wrap .nv-content-wrap.entry-content .wp-block-uagb-container.alignfull{margin-left:calc(50% - 50vw);margin-right:calc(50% - 50vw)}@media only screen and (max-width: 767px){.wp-block-uagb-container .wp-block-uagb-advanced-heading{width:-webkit-fill-available}}.wp-block-uagb-image--align-none{justify-content:center}\n.wp-block-uagb-advanced-heading h1,.wp-block-uagb-advanced-heading h2,.wp-block-uagb-advanced-heading h3,.wp-block-uagb-advanced-heading h4,.wp-block-uagb-advanced-heading h5,.wp-block-uagb-advanced-heading h6,.wp-block-uagb-advanced-heading p,.wp-block-uagb-advanced-heading div{word-break:break-word}.wp-block-uagb-advanced-heading .uagb-heading-text{margin:0}.wp-block-uagb-advanced-heading .uagb-desc-text{margin:0}.wp-block-uagb-advanced-heading .uagb-separator{font-size:0;border-top-style:solid;display:inline-block;margin:0 0 10px 0}.wp-block-uagb-advanced-heading .uagb-highlight{color:#f78a0c;border:0;transition:all 0.3s ease}.uag-highlight-toolbar{border-left:0;border-top:0;border-bottom:0;border-radius:0;border-right-color:#1e1e1e}.uag-highlight-toolbar .components-button{border-radius:0;outline:none}.uag-highlight-toolbar .components-button.is-primary{color:#fff}\n.wp-block-uagb-container.uagb-block-e5c503ce .uagb-container__shape-top svg{width: calc( 100% + 1.3px );}.wp-block-uagb-container.uagb-block-e5c503ce .uagb-container__shape.uagb-container__shape-top .uagb-container__shape-fill{fill: rgba(51,51,51,1);}.wp-block-uagb-container.uagb-block-e5c503ce .uagb-container__shape-bottom svg{width: calc( 100% + 1.3px );}.wp-block-uagb-container.uagb-block-e5c503ce .uagb-container__shape.uagb-container__shape-bottom .uagb-container__shape-fill{fill: rgba(51,51,51,1);}.wp-block-uagb-container.uagb-block-e5c503ce .uagb-container__video-wrap video{opacity: 1;}.wp-block-uagb-container.uagb-is-root-container .uagb-block-e5c503ce{max-width: 100%;width: 100%;}.wp-block-uagb-container.uagb-is-root-container.alignfull.uagb-block-e5c503ce > .uagb-container-inner-blocks-wrap{--inner-content-custom-width: min( 100%, 1240px);max-width: var(--inner-content-custom-width);width: 100%;flex-direction: column;align-items: center;justify-content: center;flex-wrap: nowrap;row-gap: 20px;column-gap: 20px;}.wp-block-uagb-container.uagb-block-e5c503ce{box-shadow: 0px 0px   #00000070 ;padding-top: 40px;padding-bottom: 40px;padding-left: 10px;padding-right: 10px;margin-top:  !important;margin-bottom:  !important;overflow: visible;order: initial;border-color: inherit;row-gap: 20px;column-gap: 20px;}.wp-block-uagb-container.uagb-block-d82dcfab .uagb-container__shape-top svg{width: calc( 100% + 1.3px );}.wp-block-uagb-container.uagb-block-d82dcfab .uagb-container__shape.uagb-container__shape-top .uagb-container__shape-fill{fill: rgba(51,51,51,1);}.wp-block-uagb-container.uagb-block-d82dcfab .uagb-container__shape-bottom svg{width: calc( 100% + 1.3px );}.wp-block-uagb-container.uagb-block-d82dcfab .uagb-container__shape.uagb-container__shape-bottom .uagb-container__shape-fill{fill: rgba(51,51,51,1);}.wp-block-uagb-container.uagb-block-d82dcfab .uagb-container__video-wrap video{opacity: 1;}.wp-block-uagb-container.uagb-is-root-container .uagb-block-d82dcfab{max-width: 100%;width: 100%;}.wp-block-uagb-container.uagb-is-root-container.alignfull.uagb-block-d82dcfab > .uagb-container-inner-blocks-wrap{--inner-content-custom-width: min( 100%, 1240px);max-width: var(--inner-content-custom-width);width: 100%;flex-direction: column;align-items: center;justify-content: center;flex-wrap: nowrap;row-gap: 20px;column-gap: 20px;}.wp-block-uagb-container.uagb-block-d82dcfab{box-shadow: 0px 0px   #00000070 ;padding-top: 40px;padding-bottom: 80px;padding-left: 10px;padding-right: 10px;margin-top:  !important;margin-bottom:  !important;overflow: visible;order: initial;border-color: inherit;row-gap: 20px;column-gap: 20px;}.wp-block-uagb-advanced-heading.uagb-block-0aa0f571.wp-block-uagb-advanced-heading .uagb-heading-text{color: #529caf;}.wp-block-uagb-advanced-heading.uagb-block-0aa0f571.wp-block-uagb-advanced-heading .uagb-desc-text{margin-bottom: 15px;}.wp-block-uagb-advanced-heading.uagb-block-0aa0f571.wp-block-uagb-advanced-heading .uagb-highlight{font-style: normal;font-weight: Default;background: #007cba;color: #fff;-webkit-text-fill-color: #fff;}.wp-block-uagb-advanced-heading.uagb-block-0aa0f571.wp-block-uagb-advanced-heading .uagb-highlight::-moz-selection{color: #fff;background: #007cba;-webkit-text-fill-color: #fff;}.wp-block-uagb-advanced-heading.uagb-block-0aa0f571.wp-block-uagb-advanced-heading .uagb-highlight::selection{color: #fff;background: #007cba;-webkit-text-fill-color: #fff;}.wp-block-uagb-advanced-heading.uagb-block-0aa0f571.wp-block-uagb-advanced-heading .uagb-separator{border-top-style: solid;border-top-width: 4px;width: 50px;border-color: #7a7a7a;margin-bottom: 15px;}.wp-block-uagb-advanced-heading.uagb-block-0aa0f571 .uagb-heading-text{font-family: \"Mulish\";text-transform: uppercase;margin-bottom: 15px;}.wp-block-uagb-advanced-heading.uagb-block-0aa0f571 .uagb-desc-text{font-family: \"Mulish\";font-size: 24px;}.wp-block-uagb-advanced-heading.uagb-block-5efef769.wp-block-uagb-advanced-heading .uagb-heading-text{color: #555555;}.wp-block-uagb-advanced-heading.uagb-block-5efef769.wp-block-uagb-advanced-heading .uagb-desc-text{margin-bottom: 15px;}.wp-block-uagb-advanced-heading.uagb-block-5efef769.wp-block-uagb-advanced-heading .uagb-highlight{font-style: normal;font-weight: Default;background: #007cba;color: #fff;-webkit-text-fill-color: #fff;}.wp-block-uagb-advanced-heading.uagb-block-5efef769.wp-block-uagb-advanced-heading .uagb-highlight::-moz-selection{color: #fff;background: #007cba;-webkit-text-fill-color: #fff;}.wp-block-uagb-advanced-heading.uagb-block-5efef769.wp-block-uagb-advanced-heading .uagb-highlight::selection{color: #fff;background: #007cba;-webkit-text-fill-color: #fff;}.wp-block-uagb-advanced-heading.uagb-block-5efef769 .uagb-heading-text{font-family: \"Mulish\";font-size: 16px;}@media only screen and (max-width: 976px) {.wp-block-uagb-container.uagb-is-root-container .uagb-block-e5c503ce{width: 100%;}.wp-block-uagb-container.uagb-is-root-container.alignfull.uagb-block-e5c503ce > .uagb-container-inner-blocks-wrap{--inner-content-custom-width: min( 100%, 1024px);max-width: var(--inner-content-custom-width);width: 100%;}.wp-block-uagb-container.uagb-block-e5c503ce{padding-top: 40px;padding-bottom: 40px;padding-left: 10px;padding-right: 10px;margin-top:  !important;margin-bottom:  !important;order: initial;}.wp-block-uagb-container.uagb-is-root-container .uagb-block-d82dcfab{width: 100%;}.wp-block-uagb-container.uagb-is-root-container.alignfull.uagb-block-d82dcfab > .uagb-container-inner-blocks-wrap{--inner-content-custom-width: min( 100%, 1024px);max-width: var(--inner-content-custom-width);width: 100%;}.wp-block-uagb-container.uagb-block-d82dcfab{padding-top: 40px;padding-bottom: 80px;padding-left: 10px;padding-right: 10px;margin-top:  !important;margin-bottom:  !important;order: initial;}}@media only screen and (max-width: 767px) {.wp-block-uagb-container.uagb-is-root-container .uagb-block-e5c503ce{max-width: 100%;width: 100%;}.wp-block-uagb-container.uagb-is-root-container.alignfull.uagb-block-e5c503ce > .uagb-container-inner-blocks-wrap{--inner-content-custom-width: min( 100%, 767px);max-width: var(--inner-content-custom-width);width: 100%;flex-wrap: wrap;}.wp-block-uagb-container.uagb-block-e5c503ce{padding-top: 40px;padding-bottom: 40px;padding-left: 10px;padding-right: 10px;margin-top:  !important;margin-bottom:  !important;order: initial;}.wp-block-uagb-container.uagb-is-root-container .uagb-block-d82dcfab{max-width: 100%;width: 100%;}.wp-block-uagb-container.uagb-is-root-container.alignfull.uagb-block-d82dcfab > .uagb-container-inner-blocks-wrap{--inner-content-custom-width: min( 100%, 767px);max-width: var(--inner-content-custom-width);width: 100%;flex-wrap: wrap;}.wp-block-uagb-container.uagb-block-d82dcfab{padding-top: 40px;padding-bottom: 80px;padding-left: 10px;padding-right: 10px;margin-top:  !important;margin-bottom:  !important;order: initial;}}.uag-blocks-common-selector{z-index:var(--z-index-desktop) !important}@media (max-width: 976px){.uag-blocks-common-selector{z-index:var(--z-index-tablet) !important}}@media (max-width: 767px){.uag-blocks-common-selector{z-index:var(--z-index-mobile) !important}}\n\";s:2:\"js\";s:0:\"\";s:18:\"current_block_list\";a:11:{i:0;s:14:\"uagb\/container\";i:2;s:21:\"uagb\/advanced-heading\";i:3;s:9:\"core\/file\";i:4;s:14:\"core\/paragraph\";i:5;s:11:\"core\/search\";i:6;s:10:\"core\/group\";i:7;s:12:\"core\/heading\";i:8;s:17:\"core\/latest-posts\";i:9;s:20:\"core\/latest-comments\";i:10;s:13:\"core\/archives\";i:11;s:15:\"core\/categories\";}s:8:\"uag_flag\";b:1;s:11:\"uag_version\";s:10:\"1778746637\";s:6:\"gfonts\";a:1:{s:6:\"Mulish\";a:2:{s:10:\"fontfamily\";s:6:\"Mulish\";s:12:\"fontvariants\";a:0:{}}}s:10:\"gfonts_url\";s:70:\"\/\/fonts.googleapis.com\/css?family=Mulish&subset=latin&display=fallback\";s:12:\"gfonts_files\";a:0:{}s:14:\"uag_faq_layout\";b:0;}"],"_uag_css_file_name":["uag-css-4810.css"]},"uagb_featured_image_src":{"full":false,"thumbnail":false,"medium":false,"medium_large":false,"large":false,"1536x1536":false,"2048x2048":false},"uagb_author_info":{"display_name":"cncp","author_link":"https:\/\/cn-cp.fr\/?author=9"},"uagb_comment_info":0,"uagb_excerpt":"Cap sur ch\u00e2telaillon La gazette trimestrielle du Centre Nautique de Ch\u00e2telaillon-Plage Liste des pr\u00e9c\u00e9dents num\u00e9ros Cap sur Ch\u00e2telaillon N\u00b01 : Janvier-F\u00e9vrier-Mars 2025 : https:\/\/cn-cp.fr\/wp-content\/uploads\/sites\/48\/2025\/04\/Cap-sur-Chatelaillon-N1.pdf","_links":{"self":[{"href":"https:\/\/cn-cp.fr\/index.php?rest_route=\/wp\/v2\/pages\/4810","targetHints":{"allow":["GET"]}}],"collection":[{"href":"https:\/\/cn-cp.fr\/index.php?rest_route=\/wp\/v2\/pages"}],"about":[{"href":"https:\/\/cn-cp.fr\/index.php?rest_route=\/wp\/v2\/types\/page"}],"author":[{"embeddable":true,"href":"https:\/\/cn-cp.fr\/index.php?rest_route=\/wp\/v2\/users\/9"}],"replies":[{"embeddable":true,"href":"https:\/\/cn-cp.fr\/index.php?rest_route=%2Fwp%2Fv2%2Fcomments&post=4810"}],"version-history":[{"count":8,"href":"https:\/\/cn-cp.fr\/index.php?rest_route=\/wp\/v2\/pages\/4810\/revisions"}],"predecessor-version":[{"id":4852,"href":"https:\/\/cn-cp.fr\/index.php?rest_route=\/wp\/v2\/pages\/4810\/revisions\/4852"}],"wp:attachment":[{"href":"https:\/\/cn-cp.fr\/index.php?rest_route=%2Fwp%2Fv2%2Fmedia&parent=4810"}],"curies":[{"name":"wp","href":"https:\/\/api.w.org\/{rel}","templated":true}]}}