{"id":343,"date":"2019-11-18T17:14:15","date_gmt":"2019-11-18T16:14:15","guid":{"rendered":"http:\/\/campinglesmaraises.minisites.charentestourisme.com\/?page_id=343"},"modified":"2019-11-18T17:14:15","modified_gmt":"2019-11-18T16:14:15","slug":"plan-du-site","status":"publish","type":"page","link":"https:\/\/cn-cp.fr\/?page_id=343","title":{"rendered":"Plan du site"},"content":{"rendered":"<h1>Plan du site<\/h1>\n<p>[html_sitemap]<\/p>\n","protected":false},"excerpt":{"rendered":"<p>Plan du site [html_sitemap]<\/p>\n","protected":false},"author":3,"featured_media":0,"parent":0,"menu_order":11,"comment_status":"closed","ping_status":"closed","template":"","meta":{"_acf_changed":false,"inline_featured_image":false,"_uag_custom_page_level_css":"","footnotes":""},"acf":[],"class_list":["post-343","page","type-page","status-publish","hentry"],"yoast_head":"<!-- This site is optimized with the Yoast SEO plugin v24.5 - https:\/\/yoast.com\/wordpress\/plugins\/seo\/ -->\n<title>Plan du site - cn-cp St Martin de R\u00e9<\/title>\n<meta name=\"description\" content=\"Retrouvez l&#039;ensemble des pages du site internet du camping les Maraises** situ\u00e9 \u00e0 St Martin de R\u00e9 sur l&#039;ile de R\u00e9.\" \/>\n<meta name=\"robots\" content=\"index, follow, max-snippet:-1, max-image-preview:large, max-video-preview:-1\" \/>\n<link rel=\"canonical\" href=\"https:\/\/cn-cp.fr\/?page_id=343\" \/>\n<meta property=\"og:locale\" content=\"fr_FR\" \/>\n<meta property=\"og:type\" content=\"article\" \/>\n<meta property=\"og:title\" content=\"Plan du site - cn-cp St Martin de R\u00e9\" \/>\n<meta property=\"og:description\" content=\"Retrouvez l&#039;ensemble des pages du site internet du camping les Maraises** situ\u00e9 \u00e0 St Martin de R\u00e9 sur l&#039;ile de R\u00e9.\" \/>\n<meta property=\"og:url\" content=\"https:\/\/cn-cp.fr\/?page_id=343\" \/>\n<meta property=\"og:site_name\" content=\"cn-cp\" \/>\n<meta name=\"twitter:card\" content=\"summary_large_image\" \/>\n<script type=\"application\/ld+json\" class=\"yoast-schema-graph\">{\"@context\":\"https:\/\/schema.org\",\"@graph\":[{\"@type\":\"WebPage\",\"@id\":\"https:\/\/cn-cp.fr\/?page_id=343\",\"url\":\"https:\/\/cn-cp.fr\/?page_id=343\",\"name\":\"Plan du site - cn-cp St Martin de R\u00e9\",\"isPartOf\":{\"@id\":\"https:\/\/cn-cp.fr\/#website\"},\"datePublished\":\"2019-11-18T16:14:15+00:00\",\"description\":\"Retrouvez l'ensemble des pages du site internet du camping les Maraises** situ\u00e9 \u00e0 St Martin de R\u00e9 sur l'ile de R\u00e9.\",\"breadcrumb\":{\"@id\":\"https:\/\/cn-cp.fr\/?page_id=343#breadcrumb\"},\"inLanguage\":\"fr-FR\",\"potentialAction\":[{\"@type\":\"ReadAction\",\"target\":[\"https:\/\/cn-cp.fr\/?page_id=343\"]}]},{\"@type\":\"BreadcrumbList\",\"@id\":\"https:\/\/cn-cp.fr\/?page_id=343#breadcrumb\",\"itemListElement\":[{\"@type\":\"ListItem\",\"position\":1,\"name\":\"Accueil\",\"item\":\"https:\/\/cn-cp.fr\/\"},{\"@type\":\"ListItem\",\"position\":2,\"name\":\"Plan du site\"}]},{\"@type\":\"WebSite\",\"@id\":\"https:\/\/cn-cp.fr\/#website\",\"url\":\"https:\/\/cn-cp.fr\/\",\"name\":\"cn-cp\",\"description\":\"\",\"publisher\":{\"@id\":\"https:\/\/cn-cp.fr\/#organization\"},\"potentialAction\":[{\"@type\":\"SearchAction\",\"target\":{\"@type\":\"EntryPoint\",\"urlTemplate\":\"https:\/\/cn-cp.fr\/?s={search_term_string}\"},\"query-input\":{\"@type\":\"PropertyValueSpecification\",\"valueRequired\":true,\"valueName\":\"search_term_string\"}}],\"inLanguage\":\"fr-FR\"},{\"@type\":\"Organization\",\"@id\":\"https:\/\/cn-cp.fr\/#organization\",\"name\":\"cn-cp\",\"url\":\"https:\/\/cn-cp.fr\/\",\"logo\":{\"@type\":\"ImageObject\",\"inLanguage\":\"fr-FR\",\"@id\":\"https:\/\/cn-cp.fr\/#\/schema\/logo\/image\/\",\"url\":\"https:\/\/cn-cp.fr\/wp-content\/uploads\/sites\/48\/2023\/05\/Logo-CNCP-Quadri-849x1024blanc.png\",\"contentUrl\":\"https:\/\/cn-cp.fr\/wp-content\/uploads\/sites\/48\/2023\/05\/Logo-CNCP-Quadri-849x1024blanc.png\",\"width\":849,\"height\":1024,\"caption\":\"cn-cp\"},\"image\":{\"@id\":\"https:\/\/cn-cp.fr\/#\/schema\/logo\/image\/\"}}]}<\/script>\n<!-- \/ Yoast SEO plugin. -->","yoast_head_json":{"title":"Plan du site - cn-cp St Martin de R\u00e9","description":"Retrouvez l'ensemble des pages du site internet du camping les Maraises** situ\u00e9 \u00e0 St Martin de R\u00e9 sur l'ile de R\u00e9.","robots":{"index":"index","follow":"follow","max-snippet":"max-snippet:-1","max-image-preview":"max-image-preview:large","max-video-preview":"max-video-preview:-1"},"canonical":"https:\/\/cn-cp.fr\/?page_id=343","og_locale":"fr_FR","og_type":"article","og_title":"Plan du site - cn-cp St Martin de R\u00e9","og_description":"Retrouvez l'ensemble des pages du site internet du camping les Maraises** situ\u00e9 \u00e0 St Martin de R\u00e9 sur l'ile de R\u00e9.","og_url":"https:\/\/cn-cp.fr\/?page_id=343","og_site_name":"cn-cp","twitter_card":"summary_large_image","schema":{"@context":"https:\/\/schema.org","@graph":[{"@type":"WebPage","@id":"https:\/\/cn-cp.fr\/?page_id=343","url":"https:\/\/cn-cp.fr\/?page_id=343","name":"Plan du site - cn-cp St Martin de R\u00e9","isPartOf":{"@id":"https:\/\/cn-cp.fr\/#website"},"datePublished":"2019-11-18T16:14:15+00:00","description":"Retrouvez l'ensemble des pages du site internet du camping les Maraises** situ\u00e9 \u00e0 St Martin de R\u00e9 sur l'ile de R\u00e9.","breadcrumb":{"@id":"https:\/\/cn-cp.fr\/?page_id=343#breadcrumb"},"inLanguage":"fr-FR","potentialAction":[{"@type":"ReadAction","target":["https:\/\/cn-cp.fr\/?page_id=343"]}]},{"@type":"BreadcrumbList","@id":"https:\/\/cn-cp.fr\/?page_id=343#breadcrumb","itemListElement":[{"@type":"ListItem","position":1,"name":"Accueil","item":"https:\/\/cn-cp.fr\/"},{"@type":"ListItem","position":2,"name":"Plan du site"}]},{"@type":"WebSite","@id":"https:\/\/cn-cp.fr\/#website","url":"https:\/\/cn-cp.fr\/","name":"cn-cp","description":"","publisher":{"@id":"https:\/\/cn-cp.fr\/#organization"},"potentialAction":[{"@type":"SearchAction","target":{"@type":"EntryPoint","urlTemplate":"https:\/\/cn-cp.fr\/?s={search_term_string}"},"query-input":{"@type":"PropertyValueSpecification","valueRequired":true,"valueName":"search_term_string"}}],"inLanguage":"fr-FR"},{"@type":"Organization","@id":"https:\/\/cn-cp.fr\/#organization","name":"cn-cp","url":"https:\/\/cn-cp.fr\/","logo":{"@type":"ImageObject","inLanguage":"fr-FR","@id":"https:\/\/cn-cp.fr\/#\/schema\/logo\/image\/","url":"https:\/\/cn-cp.fr\/wp-content\/uploads\/sites\/48\/2023\/05\/Logo-CNCP-Quadri-849x1024blanc.png","contentUrl":"https:\/\/cn-cp.fr\/wp-content\/uploads\/sites\/48\/2023\/05\/Logo-CNCP-Quadri-849x1024blanc.png","width":849,"height":1024,"caption":"cn-cp"},"image":{"@id":"https:\/\/cn-cp.fr\/#\/schema\/logo\/image\/"}}]}},"spectra_custom_meta":{"_wp_page_template":["default"],"_yoast_wpseo_content_score":["60"],"ocean_sidebar":["0"],"ocean_second_sidebar":["0"],"ocean_disable_margins":["enable"],"ocean_display_top_bar":["default"],"ocean_display_header":["default"],"ocean_center_header_left_menu":["0"],"ocean_custom_header_template":["0"],"ocean_header_custom_menu":["0"],"ocean_menu_typo_font_family":["0"],"ocean_disable_title":["default"],"ocean_disable_heading":["default"],"ocean_disable_breadcrumbs":["default"],"ocean_display_footer_widgets":["default"],"ocean_display_footer_bottom":["default"],"ocean_custom_footer_template":["0"],"osp_disable_panel":["default"],"osh_disable_topbar_sticky":["default"],"osh_disable_header_sticky":["default"],"osh_sticky_header_style":["default"],"_elementor_edit_mode":["builder"],"_elementor_template_type":["post"],"_elementor_version":["2.5.15"],"_elementor_data":["[{\"id\":\"eaff242\",\"elType\":\"section\",\"settings\":[],\"elements\":[{\"id\":\"3d26297\",\"elType\":\"column\",\"settings\":{\"_column_size\":100},\"elements\":[{\"id\":\"2e4773f\",\"elType\":\"widget\",\"settings\":{\"main_heading\":\"Plan du site\",\"sub_heading\":\"\",\"background_heading\":\"\",\"main_heading_typography_typography\":\"custom\",\"main_heading_typography_font_size\":{\"unit\":\"px\",\"size\":45,\"sizes\":[]},\"sub_heading_color\":\"#b2a7a2\",\"sub_heading_typography_typography\":\"custom\",\"sub_heading_typography_font_size\":{\"unit\":\"px\",\"size\":18,\"sizes\":[]},\"sub_heading_line\":\"yes\",\"sub_heading_line_width\":{\"unit\":\"px\",\"size\":200,\"sizes\":[]},\"sub_heading_line_height\":{\"unit\":\"px\",\"size\":3,\"sizes\":[]},\"sub_heading_line_align\":\"left-right\",\"sub_heading_line_indent\":{\"unit\":\"px\",\"size\":13,\"sizes\":[]},\"title_html_tag\":\"h1\"},\"elements\":[],\"widgetType\":\"oew-advanced-heading\"}],\"isInner\":false}],\"isInner\":false},{\"id\":\"2940695\",\"elType\":\"section\",\"settings\":[],\"elements\":[{\"id\":\"cae4266\",\"elType\":\"column\",\"settings\":{\"_column_size\":100},\"elements\":[{\"id\":\"841536c\",\"elType\":\"widget\",\"settings\":{\"editor\":\"<p>[html_sitemap]<\\\/p>\"},\"elements\":[],\"widgetType\":\"text-editor\"}],\"isInner\":false}],\"isInner\":false}]"],"_yoast_wpseo_title":["%%title%% %%page%% %%sep%% %%sitename%% St Martin de R\u00e9"],"_yoast_wpseo_metadesc":["Retrouvez l'ensemble des pages du site internet du camping les Maraises** situ\u00e9 \u00e0 St Martin de R\u00e9 sur l'ile de R\u00e9."],"_elementor_controls_usage":["a:3:{s:6:\"column\";a:3:{s:5:\"count\";i:2;s:15:\"control_percent\";i:0;s:8:\"controls\";a:0:{}}s:7:\"section\";a:3:{s:5:\"count\";i:2;s:15:\"control_percent\";i:0;s:8:\"controls\";a:0:{}}s:11:\"text-editor\";a:3:{s:5:\"count\";i:1;s:15:\"control_percent\";i:0;s:8:\"controls\";a:1:{s:7:\"content\";a:1:{s:14:\"section_editor\";a:1:{s:6:\"editor\";i:1;}}}}}"],"_uag_page_assets":["a:9:{s:3:\"css\";s:263:\".uag-blocks-common-selector{z-index:var(--z-index-desktop) !important}@media (max-width: 976px){.uag-blocks-common-selector{z-index:var(--z-index-tablet) !important}}@media (max-width: 767px){.uag-blocks-common-selector{z-index:var(--z-index-mobile) !important}}\n\";s:2:\"js\";s:0:\"\";s:18:\"current_block_list\";a:7:{i:0;s:11:\"core\/search\";i:1;s:10:\"core\/group\";i:2;s:12:\"core\/heading\";i:3;s:17:\"core\/latest-posts\";i:4;s:20:\"core\/latest-comments\";i:5;s:13:\"core\/archives\";i:6;s:15:\"core\/categories\";}s:8:\"uag_flag\";b:0;s:11:\"uag_version\";s:10:\"1778744619\";s:6:\"gfonts\";a:0:{}s:10:\"gfonts_url\";s:0:\"\";s:12:\"gfonts_files\";a:0:{}s:14:\"uag_faq_layout\";b:0;}"],"_uag_css_file_name":["uag-css-343.css"]},"uagb_featured_image_src":{"full":false,"thumbnail":false,"medium":false,"medium_large":false,"large":false,"1536x1536":false,"2048x2048":false},"uagb_author_info":{"display_name":"saifkwantic","author_link":"https:\/\/cn-cp.fr\/?author=3"},"uagb_comment_info":0,"uagb_excerpt":"Plan du site [html_sitemap]","_links":{"self":[{"href":"https:\/\/cn-cp.fr\/index.php?rest_route=\/wp\/v2\/pages\/343","targetHints":{"allow":["GET"]}}],"collection":[{"href":"https:\/\/cn-cp.fr\/index.php?rest_route=\/wp\/v2\/pages"}],"about":[{"href":"https:\/\/cn-cp.fr\/index.php?rest_route=\/wp\/v2\/types\/page"}],"author":[{"embeddable":true,"href":"https:\/\/cn-cp.fr\/index.php?rest_route=\/wp\/v2\/users\/3"}],"replies":[{"embeddable":true,"href":"https:\/\/cn-cp.fr\/index.php?rest_route=%2Fwp%2Fv2%2Fcomments&post=343"}],"version-history":[{"count":0,"href":"https:\/\/cn-cp.fr\/index.php?rest_route=\/wp\/v2\/pages\/343\/revisions"}],"wp:attachment":[{"href":"https:\/\/cn-cp.fr\/index.php?rest_route=%2Fwp%2Fv2%2Fmedia&parent=343"}],"curies":[{"name":"wp","href":"https:\/\/api.w.org\/{rel}","templated":true}]}}